{"id":2213,"date":"2024-01-25T11:12:01","date_gmt":"2024-01-25T10:12:01","guid":{"rendered":"https:\/\/di-care.com\/?page_id=2213"},"modified":"2024-01-25T11:38:08","modified_gmt":"2024-01-25T10:38:08","slug":"mentions-legales","status":"publish","type":"page","link":"https:\/\/di-care.com\/index.php\/mentions-legales\/","title":{"rendered":"Mentions L\u00e9gales"},"content":{"rendered":"\t\t<div data-elementor-type=\"wp-page\" data-elementor-id=\"2213\" class=\"elementor elementor-2213\">\n\t\t\t\t\t\t<section class=\"elementor-section elementor-top-section elementor-element elementor-element-19645d57 elementor-section-boxed elementor-section-height-default elementor-section-height-default\" data-id=\"19645d57\" data-element_type=\"section\" data-e-type=\"section\">\n\t\t\t\t\t\t<div class=\"elementor-container elementor-column-gap-default\">\n\t\t\t\t\t<div class=\"elementor-column elementor-col-100 elementor-top-column elementor-element elementor-element-19a31ca3\" data-id=\"19a31ca3\" data-element_type=\"column\" data-e-type=\"column\">\n\t\t\t<div class=\"elementor-widget-wrap elementor-element-populated\">\n\t\t\t\t\t\t<div class=\"elementor-element elementor-element-5b0b8017 elementor-widget elementor-widget-text-editor\" data-id=\"5b0b8017\" data-element_type=\"widget\" data-e-type=\"widget\" data-widget_type=\"text-editor.default\">\n\t\t\t\t<div class=\"elementor-widget-container\">\n\t\t\t\t\t\t\t\t\t<p><\/p>\n<div style=\"margin: 0px; padding: 0px; border: 0px; font-variant-ligatures: none; font-variant-numeric: inherit; font-variant-east-asian: inherit; font-variant-alternates: inherit; font-variant-position: inherit; font-stretch: inherit; line-height: inherit; font-family: 'Noto Sans Hebrew', sans-serif; font-optical-sizing: inherit; font-kerning: inherit; font-feature-settings: inherit; font-variation-settings: inherit; font-size: 15px; vertical-align: baseline; color: #000000;\">\n<p style=\"margin-bottom: 28px; font-variant: inherit; font-stretch: inherit; line-height: inherit; font-family: inherit; font-optical-sizing: inherit; font-kerning: inherit; font-feature-settings: inherit; font-variation-settings: inherit; font-size: 15px;\">Mentions L\u00e9gales<\/p>\n<p style=\"margin-top: 28px; margin-bottom: 0px; font-variant: inherit; font-stretch: inherit; line-height: inherit; font-family: inherit; font-optical-sizing: inherit; font-kerning: inherit; font-feature-settings: inherit; font-variation-settings: inherit; font-size: 15px;\">Le site\u00a0<a href=\"http:\/\/www.di-care.com\"><span style=\"text-decoration: underline;\">www.di-care.com<\/span><\/a> est \u00e9dit\u00e9 par<a href=\"http:\/\/www.laurinedoliveiramartin.fr\"> Laurine D&rsquo;oliveira-Martin<\/a>, consultante marketing digital.<\/p>\n<\/div>\n<p style=\"margin-top: 28px; margin-bottom: 28px; font-style: normal; font-variant-ligatures: none; font-variant-numeric: inherit; font-variant-east-asian: inherit; font-variant-alternates: inherit; font-variant-position: inherit; font-weight: 400; font-stretch: inherit; line-height: inherit; font-family: 'Noto Sans Hebrew', sans-serif; font-optical-sizing: inherit; font-kerning: inherit; font-feature-settings: inherit; font-variation-settings: inherit; font-size: 15px; color: #000000;\">Di&amp;Care dont le si\u00e8ge est situ\u00e9 \u00e0 Bio-Incubateur Eurasante, Parc Eurasante 70 rue du Docteur Yersin 59 120 LOOS\u00a0<\/p>\n<div style=\"margin: 0px; padding: 0px; border: 0px; font-variant-ligatures: none; font-variant-numeric: inherit; font-variant-east-asian: inherit; font-variant-alternates: inherit; font-variant-position: inherit; font-stretch: inherit; line-height: inherit; font-family: 'Noto Sans Hebrew', sans-serif; font-optical-sizing: inherit; font-kerning: inherit; font-feature-settings: inherit; font-variation-settings: inherit; font-size: 15px; vertical-align: baseline; color: #000000;\">\n<p style=\"margin-bottom: 28px; font-variant: inherit; font-stretch: inherit; line-height: inherit; font-family: inherit; font-optical-sizing: inherit; font-kerning: inherit; font-feature-settings: inherit; font-variation-settings: inherit; font-size: 15px;\">Responsable de la publication : Charles de la Personne &amp; Anthony Dubroc.<\/p>\n<p style=\"margin-top: 28px; margin-bottom: 28px; font-variant: inherit; font-stretch: inherit; line-height: inherit; font-family: inherit; font-optical-sizing: inherit; font-kerning: inherit; font-feature-settings: inherit; font-variation-settings: inherit; font-size: 15px;\">H\u00e9bergeur : Le site est h\u00e9berg\u00e9 par OVH. \u00a02 Rue Kellermann 59100 Roubaix RCS Roubaix-Tourcoing B 424 761 419<\/p>\n<p style=\"margin-top: 28px; margin-bottom: 28px; font-variant: inherit; font-stretch: inherit; line-height: inherit; font-family: inherit; font-optical-sizing: inherit; font-kerning: inherit; font-feature-settings: inherit; font-variation-settings: inherit; font-size: 15px;\">Contact : contact@di-care.com<\/p>\n<p style=\"margin-top: 28px; margin-bottom: 28px; font-variant: inherit; font-stretch: inherit; line-height: inherit; font-family: inherit; font-optical-sizing: inherit; font-kerning: inherit; font-feature-settings: inherit; font-variation-settings: inherit; font-size: 15px;\">Propri\u00e9t\u00e9 intellectuelle : L\u2019ensemble des \u00e9l\u00e9ments figurant sur notre site sont prot\u00e9g\u00e9s par les dispositions du Code de la Propri\u00e9t\u00e9 Intellectuelle. En cons\u00e9quence, toute reproduction, modification, publication, transmission ou d\u00e9naturation, partielle ou totale, du site ou de son contenu, par quelque proc\u00e9d\u00e9 que ce soit, et sur quelque support que ce soit, est interdite.<\/p>\n<p style=\"margin-top: 28px; margin-bottom: 28px; font-variant: inherit; font-stretch: inherit; line-height: inherit; font-family: inherit; font-optical-sizing: inherit; font-kerning: inherit; font-feature-settings: inherit; font-variation-settings: inherit; font-size: 15px;\">Donn\u00e9es personnelles : Conform\u00e9ment \u00e0 la loi \u00ab Informatique et Libert\u00e9s \u00bb du 6 janvier 1978, vous disposez d\u2019un droit d\u2019acc\u00e8s, de rectification et de suppression des donn\u00e9es qui vous concernent. Vous pouvez exercer ce droit en nous contactant \u00e0 contact@di-care.com.<\/p>\n<p style=\"margin-top: 28px; margin-bottom: 28px; font-variant: inherit; font-stretch: inherit; line-height: inherit; font-family: inherit; font-optical-sizing: inherit; font-kerning: inherit; font-feature-settings: inherit; font-variation-settings: inherit; font-size: 15px;\">Cookies : Le site peut \u00eatre amen\u00e9 \u00e0 vous demander l\u2019acceptation des cookies \u00e0 des fins de statistiques et d\u2019affichage. Un cookie est une information d\u00e9pos\u00e9e sur votre disque dur par le serveur du site que vous visitez. Ces cookies ne contiennent aucune information confidentielle.<\/p>\n<p style=\"margin-top: 28px; margin-bottom: 0px; font-variant: inherit; font-stretch: inherit; line-height: inherit; font-family: inherit; font-optical-sizing: inherit; font-kerning: inherit; font-feature-settings: inherit; font-variation-settings: inherit; font-size: 15px;\">Liens externes : Le site\u00a0<a style=\"margin: 0px; padding: 0px; border: 0px; font-style: inherit; font-variant: inherit; font-weight: inherit; font-stretch: inherit; line-height: inherit; font-family: inherit; font-optical-sizing: inherit; font-kerning: inherit; font-feature-settings: inherit; font-variation-settings: inherit; vertical-align: baseline; color: #0066cc;\" href=\"http:\/\/www.di-care.com\" target=\"_new\">www.di-care.com<\/a>\u00a0peut contenir des liens vers des sites externes sur lesquels nous n\u2019avons aucun contr\u00f4le. Par cons\u00e9quent, nous d\u00e9clinons toute responsabilit\u00e9 quant au contenu de ces sites.<\/p>\n<\/div>\n<p><\/p>\t\t\t\t\t\t\t\t<\/div>\n\t\t\t\t<\/div>\n\t\t\t\t\t<\/div>\n\t\t<\/div>\n\t\t\t\t\t<\/div>\n\t\t<\/section>\n\t\t\t\t<\/div>\n\t\t","protected":false},"excerpt":{"rendered":"<p>Mentions L\u00e9gales Le site\u00a0www.di-care.com est \u00e9dit\u00e9 par Laurine D&rsquo;oliveira-Martin, consultante marketing digital. Di&amp;Care dont le si\u00e8ge est situ\u00e9 \u00e0 Bio-Incubateur Eurasante, Parc Eurasante 70 rue du Docteur Yersin 59 120 LOOS\u00a0 Responsable de la publication : Charles de la Personne &amp; Anthony Dubroc. H\u00e9bergeur : Le site est h\u00e9berg\u00e9 par OVH. \u00a02 Rue Kellermann 59100 &hellip;<\/p>\n<p class=\"read-more\"> <a class=\"\" href=\"https:\/\/di-care.com\/index.php\/mentions-legales\/\"> <span class=\"screen-reader-text\">Mentions L\u00e9gales<\/span> Lire la suite\u00a0\u00bb<\/a><\/p>\n","protected":false},"author":1,"featured_media":0,"parent":0,"menu_order":0,"comment_status":"closed","ping_status":"closed","template":"","meta":{"_uag_custom_page_level_css":"","site-sidebar-layout":"default","site-content-layout":"default","ast-global-header-display":"","ast-main-header-display":"","ast-hfb-above-header-display":"","ast-hfb-below-header-display":"","ast-hfb-mobile-header-display":"","site-post-title":"","ast-breadcrumbs-content":"","ast-featured-img":"","footer-sml-layout":"","theme-transparent-header-meta":"","adv-header-id-meta":"","stick-header-meta":"","header-above-stick-meta":"","header-main-stick-meta":"","header-below-stick-meta":"","footnotes":""},"class_list":["post-2213","page","type-page","status-publish","hentry"],"yoast_head":"<!-- This site is optimized with the Yoast SEO plugin v26.1.1 - https:\/\/yoast.com\/wordpress\/plugins\/seo\/ -->\n<title>Mentions L\u00e9gales - Di &amp; Care<\/title>\n<meta name=\"robots\" content=\"index, follow, max-snippet:-1, max-image-preview:large, max-video-preview:-1\" \/>\n<link rel=\"canonical\" href=\"https:\/\/di-care.com\/index.php\/mentions-legales\/\" \/>\n<meta property=\"og:locale\" content=\"fr_FR\" \/>\n<meta property=\"og:type\" content=\"article\" \/>\n<meta property=\"og:title\" content=\"Mentions L\u00e9gales - Di &amp; Care\" \/>\n<meta property=\"og:description\" content=\"Mentions L\u00e9gales Le site\u00a0www.di-care.com est \u00e9dit\u00e9 par Laurine D&rsquo;oliveira-Martin, consultante marketing digital. Di&amp;Care dont le si\u00e8ge est situ\u00e9 \u00e0 Bio-Incubateur Eurasante, Parc Eurasante 70 rue du Docteur Yersin 59 120 LOOS\u00a0 Responsable de la publication : Charles de la Personne &amp; Anthony Dubroc. H\u00e9bergeur : Le site est h\u00e9berg\u00e9 par OVH. \u00a02 Rue Kellermann 59100 &hellip; Mentions L\u00e9gales Lire la suite\u00a0\u00bb\" \/>\n<meta property=\"og:url\" content=\"https:\/\/di-care.com\/index.php\/mentions-legales\/\" \/>\n<meta property=\"og:site_name\" content=\"Di &amp; Care\" \/>\n<meta property=\"article:modified_time\" content=\"2024-01-25T10:38:08+00:00\" \/>\n<meta property=\"og:image\" content=\"https:\/\/di-care.com\/wp-content\/uploads\/2025\/10\/logo-noxxea.png\" \/>\n\t<meta property=\"og:image:width\" content=\"500\" \/>\n\t<meta property=\"og:image:height\" content=\"500\" \/>\n\t<meta property=\"og:image:type\" content=\"image\/png\" \/>\n<meta name=\"twitter:card\" content=\"summary_large_image\" \/>\n<meta name=\"twitter:label1\" content=\"Dur\u00e9e de lecture estim\u00e9e\" \/>\n\t<meta name=\"twitter:data1\" content=\"1 minute\" \/>\n<script type=\"application\/ld+json\" class=\"yoast-schema-graph\">{\"@context\":\"https:\/\/schema.org\",\"@graph\":[{\"@type\":\"WebPage\",\"@id\":\"https:\/\/di-care.com\/index.php\/mentions-legales\/\",\"url\":\"https:\/\/di-care.com\/index.php\/mentions-legales\/\",\"name\":\"Mentions L\u00e9gales - Di &amp; Care\",\"isPartOf\":{\"@id\":\"https:\/\/di-care.com\/#website\"},\"datePublished\":\"2024-01-25T10:12:01+00:00\",\"dateModified\":\"2024-01-25T10:38:08+00:00\",\"breadcrumb\":{\"@id\":\"https:\/\/di-care.com\/index.php\/mentions-legales\/#breadcrumb\"},\"inLanguage\":\"fr-FR\",\"potentialAction\":[{\"@type\":\"ReadAction\",\"target\":[\"https:\/\/di-care.com\/index.php\/mentions-legales\/\"]}]},{\"@type\":\"BreadcrumbList\",\"@id\":\"https:\/\/di-care.com\/index.php\/mentions-legales\/#breadcrumb\",\"itemListElement\":[{\"@type\":\"ListItem\",\"position\":1,\"name\":\"Accueil\",\"item\":\"https:\/\/di-care.com\/\"},{\"@type\":\"ListItem\",\"position\":2,\"name\":\"Mentions L\u00e9gales\"}]},{\"@type\":\"WebSite\",\"@id\":\"https:\/\/di-care.com\/#website\",\"url\":\"https:\/\/di-care.com\/\",\"name\":\"Di &amp; Care\",\"description\":\"Noxxea solution fran\u00e7aise de tcc pour l&#039;insomnie 100% num\u00e9rique et innovante\",\"publisher\":{\"@id\":\"https:\/\/di-care.com\/#organization\"},\"alternateName\":\"Di&Care\",\"potentialAction\":[{\"@type\":\"SearchAction\",\"target\":{\"@type\":\"EntryPoint\",\"urlTemplate\":\"https:\/\/di-care.com\/?s={search_term_string}\"},\"query-input\":{\"@type\":\"PropertyValueSpecification\",\"valueRequired\":true,\"valueName\":\"search_term_string\"}}],\"inLanguage\":\"fr-FR\"},{\"@type\":\"Organization\",\"@id\":\"https:\/\/di-care.com\/#organization\",\"name\":\"Di &amp; Care\",\"url\":\"https:\/\/di-care.com\/\",\"logo\":{\"@type\":\"ImageObject\",\"inLanguage\":\"fr-FR\",\"@id\":\"https:\/\/di-care.com\/#\/schema\/logo\/image\/\",\"url\":\"https:\/\/di-care.com\/wp-content\/uploads\/2025\/08\/Logo_720px.png\",\"contentUrl\":\"https:\/\/di-care.com\/wp-content\/uploads\/2025\/08\/Logo_720px.png\",\"width\":336,\"height\":198,\"caption\":\"Di &amp; Care\"},\"image\":{\"@id\":\"https:\/\/di-care.com\/#\/schema\/logo\/image\/\"}}]}<\/script>\n<!-- \/ Yoast SEO plugin. -->","yoast_head_json":{"title":"Mentions L\u00e9gales - Di &amp; Care","robots":{"index":"index","follow":"follow","max-snippet":"max-snippet:-1","max-image-preview":"max-image-preview:large","max-video-preview":"max-video-preview:-1"},"canonical":"https:\/\/di-care.com\/index.php\/mentions-legales\/","og_locale":"fr_FR","og_type":"article","og_title":"Mentions L\u00e9gales - Di &amp; Care","og_description":"Mentions L\u00e9gales Le site\u00a0www.di-care.com est \u00e9dit\u00e9 par Laurine D&rsquo;oliveira-Martin, consultante marketing digital. Di&amp;Care dont le si\u00e8ge est situ\u00e9 \u00e0 Bio-Incubateur Eurasante, Parc Eurasante 70 rue du Docteur Yersin 59 120 LOOS\u00a0 Responsable de la publication : Charles de la Personne &amp; Anthony Dubroc. H\u00e9bergeur : Le site est h\u00e9berg\u00e9 par OVH. \u00a02 Rue Kellermann 59100 &hellip; Mentions L\u00e9gales Lire la suite\u00a0\u00bb","og_url":"https:\/\/di-care.com\/index.php\/mentions-legales\/","og_site_name":"Di &amp; Care","article_modified_time":"2024-01-25T10:38:08+00:00","og_image":[{"width":500,"height":500,"url":"https:\/\/di-care.com\/wp-content\/uploads\/2025\/10\/logo-noxxea.png","type":"image\/png"}],"twitter_card":"summary_large_image","twitter_misc":{"Dur\u00e9e de lecture estim\u00e9e":"1 minute"},"schema":{"@context":"https:\/\/schema.org","@graph":[{"@type":"WebPage","@id":"https:\/\/di-care.com\/index.php\/mentions-legales\/","url":"https:\/\/di-care.com\/index.php\/mentions-legales\/","name":"Mentions L\u00e9gales - Di &amp; Care","isPartOf":{"@id":"https:\/\/di-care.com\/#website"},"datePublished":"2024-01-25T10:12:01+00:00","dateModified":"2024-01-25T10:38:08+00:00","breadcrumb":{"@id":"https:\/\/di-care.com\/index.php\/mentions-legales\/#breadcrumb"},"inLanguage":"fr-FR","potentialAction":[{"@type":"ReadAction","target":["https:\/\/di-care.com\/index.php\/mentions-legales\/"]}]},{"@type":"BreadcrumbList","@id":"https:\/\/di-care.com\/index.php\/mentions-legales\/#breadcrumb","itemListElement":[{"@type":"ListItem","position":1,"name":"Accueil","item":"https:\/\/di-care.com\/"},{"@type":"ListItem","position":2,"name":"Mentions L\u00e9gales"}]},{"@type":"WebSite","@id":"https:\/\/di-care.com\/#website","url":"https:\/\/di-care.com\/","name":"Di &amp; Care","description":"Noxxea solution fran\u00e7aise de tcc pour l&#039;insomnie 100% num\u00e9rique et innovante","publisher":{"@id":"https:\/\/di-care.com\/#organization"},"alternateName":"Di&Care","potentialAction":[{"@type":"SearchAction","target":{"@type":"EntryPoint","urlTemplate":"https:\/\/di-care.com\/?s={search_term_string}"},"query-input":{"@type":"PropertyValueSpecification","valueRequired":true,"valueName":"search_term_string"}}],"inLanguage":"fr-FR"},{"@type":"Organization","@id":"https:\/\/di-care.com\/#organization","name":"Di &amp; Care","url":"https:\/\/di-care.com\/","logo":{"@type":"ImageObject","inLanguage":"fr-FR","@id":"https:\/\/di-care.com\/#\/schema\/logo\/image\/","url":"https:\/\/di-care.com\/wp-content\/uploads\/2025\/08\/Logo_720px.png","contentUrl":"https:\/\/di-care.com\/wp-content\/uploads\/2025\/08\/Logo_720px.png","width":336,"height":198,"caption":"Di &amp; Care"},"image":{"@id":"https:\/\/di-care.com\/#\/schema\/logo\/image\/"}}]}},"uagb_featured_image_src":{"full":false,"thumbnail":false,"medium":false,"medium_large":false,"large":false,"1536x1536":false,"2048x2048":false},"uagb_author_info":{"display_name":"Laurine","author_link":"https:\/\/di-care.com\/index.php\/author\/admin2373\/"},"uagb_comment_info":0,"uagb_excerpt":"Mentions L\u00e9gales Le site\u00a0www.di-care.com est \u00e9dit\u00e9 par Laurine D&rsquo;oliveira-Martin, consultante marketing digital. Di&amp;Care dont le si\u00e8ge est situ\u00e9 \u00e0 Bio-Incubateur Eurasante, Parc Eurasante 70 rue du Docteur Yersin 59 120 LOOS\u00a0 Responsable de la publication : Charles de la Personne &amp; Anthony Dubroc. H\u00e9bergeur : Le site est h\u00e9berg\u00e9 par OVH. \u00a02 Rue Kellermann 59100\u2026","_links":{"self":[{"href":"https:\/\/di-care.com\/index.php\/wp-json\/wp\/v2\/pages\/2213","targetHints":{"allow":["GET"]}}],"collection":[{"href":"https:\/\/di-care.com\/index.php\/wp-json\/wp\/v2\/pages"}],"about":[{"href":"https:\/\/di-care.com\/index.php\/wp-json\/wp\/v2\/types\/page"}],"author":[{"embeddable":true,"href":"https:\/\/di-care.com\/index.php\/wp-json\/wp\/v2\/users\/1"}],"replies":[{"embeddable":true,"href":"https:\/\/di-care.com\/index.php\/wp-json\/wp\/v2\/comments?post=2213"}],"version-history":[{"count":7,"href":"https:\/\/di-care.com\/index.php\/wp-json\/wp\/v2\/pages\/2213\/revisions"}],"predecessor-version":[{"id":2220,"href":"https:\/\/di-care.com\/index.php\/wp-json\/wp\/v2\/pages\/2213\/revisions\/2220"}],"wp:attachment":[{"href":"https:\/\/di-care.com\/index.php\/wp-json\/wp\/v2\/media?parent=2213"}],"curies":[{"name":"wp","href":"https:\/\/api.w.org\/{rel}","templated":true}]}}